{"id":2,"date":"2024-09-02T18:15:08","date_gmt":"2024-09-02T16:15:08","guid":{"rendered":"http:\/\/philosophie-en-cours.net\/blog\/?page_id=2"},"modified":"2024-09-13T17:05:13","modified_gmt":"2024-09-13T15:05:13","slug":"page-d-exemple","status":"publish","type":"page","link":"https:\/\/philosophie-en-cours.net\/blog\/","title":{"rendered":"Philosopher \u00e0 distance"},"content":{"rendered":"<p>Ce blog ne remplace pas une salle de cours. Il n&rsquo;est pas un lieu o\u00f9 se d\u00e9roule un cours de philosophie. Mais il permet de continuer \u00e0 travailler ensemble les notions et les th\u00e8mes du programme de philo au baccalaur\u00e9at.<\/p>\n\n\n<p class=\"wp-block-paragraph\"><\/p>\n","protected":false},"excerpt":{"rendered":"<p>Ce blog ne remplace pas une salle de cours. Il n&rsquo;est pas un lieu o\u00f9 se d\u00e9roule un cours de philosophie. Mais il permet de continuer \u00e0 travailler ensemble les notions et les th\u00e8mes du programme de philo au baccalaur\u00e9at.<\/p>\n","protected":false},"author":3,"featured_media":4149,"parent":0,"menu_order":0,"comment_status":"closed","ping_status":"closed","template":"","meta":{"_crdt_document":"","footnotes":""},"class_list":["post-2","page","type-page","status-publish","has-post-thumbnail","hentry"],"_links":{"self":[{"href":"https:\/\/philosophie-en-cours.net\/blog\/index.php\/wp-json\/wp\/v2\/pages\/2","targetHints":{"allow":["GET"]}}],"collection":[{"href":"https:\/\/philosophie-en-cours.net\/blog\/index.php\/wp-json\/wp\/v2\/pages"}],"about":[{"href":"https:\/\/philosophie-en-cours.net\/blog\/index.php\/wp-json\/wp\/v2\/types\/page"}],"author":[{"embeddable":true,"href":"https:\/\/philosophie-en-cours.net\/blog\/index.php\/wp-json\/wp\/v2\/users\/3"}],"replies":[{"embeddable":true,"href":"https:\/\/philosophie-en-cours.net\/blog\/index.php\/wp-json\/wp\/v2\/comments?post=2"}],"version-history":[{"count":15,"href":"https:\/\/philosophie-en-cours.net\/blog\/index.php\/wp-json\/wp\/v2\/pages\/2\/revisions"}],"predecessor-version":[{"id":4150,"href":"https:\/\/philosophie-en-cours.net\/blog\/index.php\/wp-json\/wp\/v2\/pages\/2\/revisions\/4150"}],"wp:featuredmedia":[{"embeddable":true,"href":"https:\/\/philosophie-en-cours.net\/blog\/index.php\/wp-json\/wp\/v2\/media\/4149"}],"wp:attachment":[{"href":"https:\/\/philosophie-en-cours.net\/blog\/index.php\/wp-json\/wp\/v2\/media?parent=2"}],"curies":[{"name":"wp","href":"https:\/\/api.w.org\/{rel}","templated":true}]}}